{"id":116,"date":"2022-09-12T05:01:47","date_gmt":"2022-09-12T05:01:47","guid":{"rendered":"https:\/\/foerderzauber.ch\/Onlineshop\/?post_type=product&#038;p=116"},"modified":"2026-02-21T09:27:17","modified_gmt":"2026-02-21T09:27:17","slug":"leseverstehen","status":"publish","type":"product","link":"https:\/\/foerderzauber.ch\/Onlineshop\/produkt\/leseverstehen\/","title":{"rendered":"Lesefl\u00fcssigkeit und Leseverstehen 3+4"},"content":{"rendered":"<p>Dieses Package beinhaltet Materialien, welche die Lesefl\u00fcssigkeit und das Leseverstehen f\u00f6rdern:<\/p>\n<p>&nbsp;<\/p>\n<p>-Lesefl\u00fcssigkeit 3<\/p>\n<p>-Leseverst\u00e4ndnis 3<\/p>\n<p>-Lesefl\u00fcssigkeit 4<\/p>\n<p>-Leseverst\u00e4ndnis 4<\/p>\n<p>&nbsp;<\/p>\n<p>Inklusive L\u00f6sungen!<\/p>\n<p>Insgesamt 6 Seiten<\/p>\n<p>&nbsp;<\/p>\n<p>Alle erh\u00e4ltlichen Materialien wurden von einer Heilp\u00e4dagogin explizit f\u00fcr die F\u00f6rderung von Kindern mit einer Lese-\/ Rechtschreibschw\u00e4che entwickelt und basieren auf dem aktuellen, professionellen Hintergrundwissen. Die Wochenpl\u00e4ne sind besonders ansprechend und einfach handhabbar, sodass Kinder auch selbst\u00e4ndig daran arbeiten und sich weiterentwickeln k\u00f6nnen.<\/p>\n<p>F\u00fcr mehr Informationen rund um die Lese-\/ Rechtschreibschw\u00e4che besuchen Sie auch die Webseite vom F\u00f6rderzauber unter www.foerderzauber.ch<\/p>\n","protected":false},"excerpt":{"rendered":"<p>Ansprechende Materialien mit dem F\u00f6rderschwerpunkt Lesefl\u00fcssigkeit und Leseverstehen. Inklusive L\u00f6sungen und Tipps vom F\u00f6rderzauber!<\/p>\n<p><a href=\"https:\/\/foerderzauber.ch\/Onlineshop\/produkt\/leseverstehen\/\">Continue Reading<span class=\"meta-nav\">&rarr;<\/span><\/a><\/p>\n","protected":false},"featured_media":360,"comment_status":"open","ping_status":"closed","template":"","meta":[],"product_brand":[],"product_cat":[42,37],"product_tag":[],"class_list":{"0":"post-116","1":"product","2":"type-product","3":"status-publish","4":"has-post-thumbnail","6":"product_cat-lrs","7":"product_cat-lesen","9":"first","10":"instock","11":"downloadable","12":"shipping-taxable","13":"purchasable","14":"product-type-simple"},"yoast_head":"<!-- This site is optimized with the Yoast SEO plugin v27.5 - https:\/\/yoast.com\/product\/yoast-seo-wordpress\/ -->\n<title>Leseverstehen f\u00f6rdern bei LRS: Motivierendes Material f\u00fcr Ihr Kind<\/title>\n<meta name=\"description\" content=\"Im Onlineshop von www.foerderzauber.ch finden Sie zahlreiche ansprechende und motivierende Materialien f\u00fcr besseres Leseverstehen bei LRS.\" \/>\n<meta name=\"robots\" content=\"index, follow, max-snippet:-1, max-image-preview:large, max-video-preview:-1\" \/>\n<link rel=\"canonical\" href=\"https:\/\/foerderzauber.ch\/Onlineshop\/produkt\/leseverstehen\/\" \/>\n<meta property=\"og:locale\" content=\"de_DE\" \/>\n<meta property=\"og:type\" content=\"article\" \/>\n<meta property=\"og:title\" content=\"Leseverstehen f\u00f6rdern bei LRS: Motivierendes Material f\u00fcr Ihr Kind\" \/>\n<meta property=\"og:description\" content=\"Im Onlineshop von www.foerderzauber.ch finden Sie zahlreiche ansprechende und motivierende Materialien f\u00fcr besseres Leseverstehen bei LRS.\" \/>\n<meta property=\"og:url\" content=\"https:\/\/foerderzauber.ch\/Onlineshop\/produkt\/leseverstehen\/\" \/>\n<meta property=\"og:site_name\" content=\"Foerderzauber Onlineshop\" \/>\n<meta property=\"article:modified_time\" content=\"2026-02-21T09:27:17+00:00\" \/>\n<meta property=\"og:image\" content=\"https:\/\/foerderzauber.ch\/Onlineshop\/wp-content\/uploads\/2022\/09\/Lesefluessigkeit_Leseverstehen_titel34-1-1.jpg\" \/>\n\t<meta property=\"og:image:width\" content=\"1190\" \/>\n\t<meta property=\"og:image:height\" content=\"1683\" \/>\n\t<meta property=\"og:image:type\" content=\"image\/jpeg\" \/>\n<meta name=\"twitter:card\" content=\"summary_large_image\" \/>\n<meta name=\"twitter:label1\" content=\"Gesch\u00e4tzte Lesezeit\" \/>\n\t<meta name=\"twitter:data1\" content=\"1\u00a0Minute\" \/>\n<script type=\"application\/ld+json\" class=\"yoast-schema-graph\">{\"@context\":\"https:\\\/\\\/schema.org\",\"@graph\":[{\"@type\":\"WebPage\",\"@id\":\"https:\\\/\\\/foerderzauber.ch\\\/Onlineshop\\\/produkt\\\/leseverstehen\\\/\",\"url\":\"https:\\\/\\\/foerderzauber.ch\\\/Onlineshop\\\/produkt\\\/leseverstehen\\\/\",\"name\":\"Leseverstehen f\u00f6rdern bei LRS: Motivierendes Material f\u00fcr Ihr Kind\",\"isPartOf\":{\"@id\":\"https:\\\/\\\/foerderzauber.ch\\\/Onlineshop\\\/#website\"},\"primaryImageOfPage\":{\"@id\":\"https:\\\/\\\/foerderzauber.ch\\\/Onlineshop\\\/produkt\\\/leseverstehen\\\/#primaryimage\"},\"image\":{\"@id\":\"https:\\\/\\\/foerderzauber.ch\\\/Onlineshop\\\/produkt\\\/leseverstehen\\\/#primaryimage\"},\"thumbnailUrl\":\"https:\\\/\\\/foerderzauber.ch\\\/Onlineshop\\\/wp-content\\\/uploads\\\/2022\\\/09\\\/Lesefluessigkeit_Leseverstehen_titel34-1-1.jpg\",\"datePublished\":\"2022-09-12T05:01:47+00:00\",\"dateModified\":\"2026-02-21T09:27:17+00:00\",\"description\":\"Im Onlineshop von www.foerderzauber.ch finden Sie zahlreiche ansprechende und motivierende Materialien f\u00fcr besseres Leseverstehen bei LRS.\",\"breadcrumb\":{\"@id\":\"https:\\\/\\\/foerderzauber.ch\\\/Onlineshop\\\/produkt\\\/leseverstehen\\\/#breadcrumb\"},\"inLanguage\":\"de\",\"potentialAction\":[{\"@type\":\"ReadAction\",\"target\":[\"https:\\\/\\\/foerderzauber.ch\\\/Onlineshop\\\/produkt\\\/leseverstehen\\\/\"]}]},{\"@type\":\"ImageObject\",\"inLanguage\":\"de\",\"@id\":\"https:\\\/\\\/foerderzauber.ch\\\/Onlineshop\\\/produkt\\\/leseverstehen\\\/#primaryimage\",\"url\":\"https:\\\/\\\/foerderzauber.ch\\\/Onlineshop\\\/wp-content\\\/uploads\\\/2022\\\/09\\\/Lesefluessigkeit_Leseverstehen_titel34-1-1.jpg\",\"contentUrl\":\"https:\\\/\\\/foerderzauber.ch\\\/Onlineshop\\\/wp-content\\\/uploads\\\/2022\\\/09\\\/Lesefluessigkeit_Leseverstehen_titel34-1-1.jpg\",\"width\":1190,\"height\":1683},{\"@type\":\"BreadcrumbList\",\"@id\":\"https:\\\/\\\/foerderzauber.ch\\\/Onlineshop\\\/produkt\\\/leseverstehen\\\/#breadcrumb\",\"itemListElement\":[{\"@type\":\"ListItem\",\"position\":1,\"name\":\"Startseite\",\"item\":\"https:\\\/\\\/foerderzauber.ch\\\/Onlineshop\\\/\"},{\"@type\":\"ListItem\",\"position\":2,\"name\":\"Shop\",\"item\":\"https:\\\/\\\/foerderzauber.ch\\\/Onlineshop\\\/\"},{\"@type\":\"ListItem\",\"position\":3,\"name\":\"Lesefl\u00fcssigkeit und Leseverstehen 3+4\"}]},{\"@type\":\"WebSite\",\"@id\":\"https:\\\/\\\/foerderzauber.ch\\\/Onlineshop\\\/#website\",\"url\":\"https:\\\/\\\/foerderzauber.ch\\\/Onlineshop\\\/\",\"name\":\"Foerderzauber Onlineshop\",\"description\":\"\",\"potentialAction\":[{\"@type\":\"SearchAction\",\"target\":{\"@type\":\"EntryPoint\",\"urlTemplate\":\"https:\\\/\\\/foerderzauber.ch\\\/Onlineshop\\\/?s={search_term_string}\"},\"query-input\":{\"@type\":\"PropertyValueSpecification\",\"valueRequired\":true,\"valueName\":\"search_term_string\"}}],\"inLanguage\":\"de\"}]}<\/script>\n<!-- \/ Yoast SEO plugin. -->","yoast_head_json":{"title":"Leseverstehen f\u00f6rdern bei LRS: Motivierendes Material f\u00fcr Ihr Kind","description":"Im Onlineshop von www.foerderzauber.ch finden Sie zahlreiche ansprechende und motivierende Materialien f\u00fcr besseres Leseverstehen bei LRS.","robots":{"index":"index","follow":"follow","max-snippet":"max-snippet:-1","max-image-preview":"max-image-preview:large","max-video-preview":"max-video-preview:-1"},"canonical":"https:\/\/foerderzauber.ch\/Onlineshop\/produkt\/leseverstehen\/","og_locale":"de_DE","og_type":"article","og_title":"Leseverstehen f\u00f6rdern bei LRS: Motivierendes Material f\u00fcr Ihr Kind","og_description":"Im Onlineshop von www.foerderzauber.ch finden Sie zahlreiche ansprechende und motivierende Materialien f\u00fcr besseres Leseverstehen bei LRS.","og_url":"https:\/\/foerderzauber.ch\/Onlineshop\/produkt\/leseverstehen\/","og_site_name":"Foerderzauber Onlineshop","article_modified_time":"2026-02-21T09:27:17+00:00","og_image":[{"width":1190,"height":1683,"url":"https:\/\/foerderzauber.ch\/Onlineshop\/wp-content\/uploads\/2022\/09\/Lesefluessigkeit_Leseverstehen_titel34-1-1.jpg","type":"image\/jpeg"}],"twitter_card":"summary_large_image","twitter_misc":{"Gesch\u00e4tzte Lesezeit":"1\u00a0Minute"},"schema":{"@context":"https:\/\/schema.org","@graph":[{"@type":"WebPage","@id":"https:\/\/foerderzauber.ch\/Onlineshop\/produkt\/leseverstehen\/","url":"https:\/\/foerderzauber.ch\/Onlineshop\/produkt\/leseverstehen\/","name":"Leseverstehen f\u00f6rdern bei LRS: Motivierendes Material f\u00fcr Ihr Kind","isPartOf":{"@id":"https:\/\/foerderzauber.ch\/Onlineshop\/#website"},"primaryImageOfPage":{"@id":"https:\/\/foerderzauber.ch\/Onlineshop\/produkt\/leseverstehen\/#primaryimage"},"image":{"@id":"https:\/\/foerderzauber.ch\/Onlineshop\/produkt\/leseverstehen\/#primaryimage"},"thumbnailUrl":"https:\/\/foerderzauber.ch\/Onlineshop\/wp-content\/uploads\/2022\/09\/Lesefluessigkeit_Leseverstehen_titel34-1-1.jpg","datePublished":"2022-09-12T05:01:47+00:00","dateModified":"2026-02-21T09:27:17+00:00","description":"Im Onlineshop von www.foerderzauber.ch finden Sie zahlreiche ansprechende und motivierende Materialien f\u00fcr besseres Leseverstehen bei LRS.","breadcrumb":{"@id":"https:\/\/foerderzauber.ch\/Onlineshop\/produkt\/leseverstehen\/#breadcrumb"},"inLanguage":"de","potentialAction":[{"@type":"ReadAction","target":["https:\/\/foerderzauber.ch\/Onlineshop\/produkt\/leseverstehen\/"]}]},{"@type":"ImageObject","inLanguage":"de","@id":"https:\/\/foerderzauber.ch\/Onlineshop\/produkt\/leseverstehen\/#primaryimage","url":"https:\/\/foerderzauber.ch\/Onlineshop\/wp-content\/uploads\/2022\/09\/Lesefluessigkeit_Leseverstehen_titel34-1-1.jpg","contentUrl":"https:\/\/foerderzauber.ch\/Onlineshop\/wp-content\/uploads\/2022\/09\/Lesefluessigkeit_Leseverstehen_titel34-1-1.jpg","width":1190,"height":1683},{"@type":"BreadcrumbList","@id":"https:\/\/foerderzauber.ch\/Onlineshop\/produkt\/leseverstehen\/#breadcrumb","itemListElement":[{"@type":"ListItem","position":1,"name":"Startseite","item":"https:\/\/foerderzauber.ch\/Onlineshop\/"},{"@type":"ListItem","position":2,"name":"Shop","item":"https:\/\/foerderzauber.ch\/Onlineshop\/"},{"@type":"ListItem","position":3,"name":"Lesefl\u00fcssigkeit und Leseverstehen 3+4"}]},{"@type":"WebSite","@id":"https:\/\/foerderzauber.ch\/Onlineshop\/#website","url":"https:\/\/foerderzauber.ch\/Onlineshop\/","name":"Foerderzauber Onlineshop","description":"","potentialAction":[{"@type":"SearchAction","target":{"@type":"EntryPoint","urlTemplate":"https:\/\/foerderzauber.ch\/Onlineshop\/?s={search_term_string}"},"query-input":{"@type":"PropertyValueSpecification","valueRequired":true,"valueName":"search_term_string"}}],"inLanguage":"de"}]}},"_links":{"self":[{"href":"https:\/\/foerderzauber.ch\/Onlineshop\/wp-json\/wp\/v2\/product\/116","targetHints":{"allow":["GET"]}}],"collection":[{"href":"https:\/\/foerderzauber.ch\/Onlineshop\/wp-json\/wp\/v2\/product"}],"about":[{"href":"https:\/\/foerderzauber.ch\/Onlineshop\/wp-json\/wp\/v2\/types\/product"}],"replies":[{"embeddable":true,"href":"https:\/\/foerderzauber.ch\/Onlineshop\/wp-json\/wp\/v2\/comments?post=116"}],"wp:featuredmedia":[{"embeddable":true,"href":"https:\/\/foerderzauber.ch\/Onlineshop\/wp-json\/wp\/v2\/media\/360"}],"wp:attachment":[{"href":"https:\/\/foerderzauber.ch\/Onlineshop\/wp-json\/wp\/v2\/media?parent=116"}],"wp:term":[{"taxonomy":"product_brand","embeddable":true,"href":"https:\/\/foerderzauber.ch\/Onlineshop\/wp-json\/wp\/v2\/product_brand?post=116"},{"taxonomy":"product_cat","embeddable":true,"href":"https:\/\/foerderzauber.ch\/Onlineshop\/wp-json\/wp\/v2\/product_cat?post=116"},{"taxonomy":"product_tag","embeddable":true,"href":"https:\/\/foerderzauber.ch\/Onlineshop\/wp-json\/wp\/v2\/product_tag?post=116"}],"curies":[{"name":"wp","href":"https:\/\/api.w.org\/{rel}","templated":true}]}}