{"id":268,"date":"2022-10-10T13:58:51","date_gmt":"2022-10-10T13:58:51","guid":{"rendered":"https:\/\/foerderzauber.ch\/Onlineshop\/?post_type=product&#038;p=268"},"modified":"2026-05-03T09:15:59","modified_gmt":"2026-05-03T09:15:59","slug":"schreibhilfe","status":"publish","type":"product","link":"https:\/\/foerderzauber.ch\/Onlineshop\/produkt\/schreibhilfe\/","title":{"rendered":"Schreibhilfe Eule 1"},"content":{"rendered":"<p>Mit dieser Schreibhilfe gelingt es immer, den Stift korrekt zu halten und so unangenehmen Kr\u00e4mpfen w\u00e4hrend des Schreibens vorzubeugen.<\/p>\n<p>Die Schreibhilfe aus Silikon ist ergonomisch geformt. Daumen und Zeigefinger werden in die L\u00f6cher an der Seite gesteckt und der Mittelfinger wird durch die Lasche an der R\u00fcckseite geschoben. Auf diese Weise wird die korrekte Stifthaltung trainiert oder eine falsche Stifthaltung abgew\u00f6hnt.<\/p>\n<p>Die Hand und der Arm sind durch die richtige Stifthaltung w\u00e4hrend des Schreibens entspannt und Erm\u00fcdungserscheinungen wird entgegengewirkt.<\/p>\n<p>Das s\u00fcsse Motiv motiviert die Kinder diese Schreibhilfe zu verwenden wobei gleichzeitig die verkrampfte oder falsche Stifthaltung wegtrainiert wird.<\/p>\n<p>&nbsp;<\/p>\n<p>Inhalt:<\/p>\n<p>3 Stifthalter mit Eulenmotiv in verschiedenen Farben<\/p>\n<p>&nbsp;<\/p>\n","protected":false},"excerpt":{"rendered":"<p>Mit dieser Schreibhilfe gelingt es immer, den Stift korrekt zu halten und so unangenehmen Kr\u00e4mpfen w\u00e4hrend des Schreibens vorzubeugen.<\/p>\n<p>-f\u00fcr Rechts- und Linksh\u00e4nder<\/p>\n<p>-vom F\u00f6rderzauber empfohlen<\/p>\n<p>-versandkostenfrei innerhalb der CH<\/p>\n<p><a href=\"https:\/\/foerderzauber.ch\/Onlineshop\/produkt\/schreibhilfe\/\">Continue Reading<span class=\"meta-nav\">&rarr;<\/span><\/a><\/p>\n","protected":false},"featured_media":270,"comment_status":"open","ping_status":"closed","template":"","meta":[],"product_brand":[],"product_cat":[45],"product_tag":[],"class_list":{"0":"post-268","1":"product","2":"type-product","3":"status-publish","4":"has-post-thumbnail","6":"product_cat-schreibhilfe","7":"product_shipping_class-brief-b-post","9":"first","10":"instock","11":"shipping-taxable","12":"purchasable","13":"product-type-simple"},"yoast_head":"<!-- This site is optimized with the Yoast SEO plugin v27.5 - https:\/\/yoast.com\/product\/yoast-seo-wordpress\/ -->\n<title>Schreibhilfe Eule 1 - Foerderzauber Onlineshop<\/title>\n<meta name=\"description\" content=\"Entdecken Sie die motivierende Schreibhilfe f\u00fcr eine korrekte und unverkrampfte Stifthaltung. So macht Schreiben wieder Spass!\" \/>\n<meta name=\"robots\" content=\"index, follow, max-snippet:-1, max-image-preview:large, max-video-preview:-1\" \/>\n<link rel=\"canonical\" href=\"https:\/\/foerderzauber.ch\/Onlineshop\/produkt\/schreibhilfe\/\" \/>\n<meta property=\"og:locale\" content=\"de_DE\" \/>\n<meta property=\"og:type\" content=\"article\" \/>\n<meta property=\"og:title\" content=\"Schreibhilfe Eule 1 - Foerderzauber Onlineshop\" \/>\n<meta property=\"og:description\" content=\"Entdecken Sie die motivierende Schreibhilfe f\u00fcr eine korrekte und unverkrampfte Stifthaltung. So macht Schreiben wieder Spass!\" \/>\n<meta property=\"og:url\" content=\"https:\/\/foerderzauber.ch\/Onlineshop\/produkt\/schreibhilfe\/\" \/>\n<meta property=\"og:site_name\" content=\"Foerderzauber Onlineshop\" \/>\n<meta property=\"article:modified_time\" content=\"2026-05-03T09:15:59+00:00\" \/>\n<meta property=\"og:image\" content=\"https:\/\/foerderzauber.ch\/Onlineshop\/wp-content\/uploads\/2022\/10\/Stifthalterpink2.jpg\" \/>\n\t<meta property=\"og:image:width\" content=\"916\" \/>\n\t<meta property=\"og:image:height\" content=\"920\" \/>\n\t<meta property=\"og:image:type\" content=\"image\/jpeg\" \/>\n<meta name=\"twitter:card\" content=\"summary_large_image\" \/>\n<meta name=\"twitter:label1\" content=\"Gesch\u00e4tzte Lesezeit\" \/>\n\t<meta name=\"twitter:data1\" content=\"1\u00a0Minute\" \/>\n<script type=\"application\/ld+json\" class=\"yoast-schema-graph\">{\"@context\":\"https:\\\/\\\/schema.org\",\"@graph\":[{\"@type\":\"WebPage\",\"@id\":\"https:\\\/\\\/foerderzauber.ch\\\/Onlineshop\\\/produkt\\\/schreibhilfe\\\/\",\"url\":\"https:\\\/\\\/foerderzauber.ch\\\/Onlineshop\\\/produkt\\\/schreibhilfe\\\/\",\"name\":\"Schreibhilfe Eule 1 - Foerderzauber Onlineshop\",\"isPartOf\":{\"@id\":\"https:\\\/\\\/foerderzauber.ch\\\/Onlineshop\\\/#website\"},\"primaryImageOfPage\":{\"@id\":\"https:\\\/\\\/foerderzauber.ch\\\/Onlineshop\\\/produkt\\\/schreibhilfe\\\/#primaryimage\"},\"image\":{\"@id\":\"https:\\\/\\\/foerderzauber.ch\\\/Onlineshop\\\/produkt\\\/schreibhilfe\\\/#primaryimage\"},\"thumbnailUrl\":\"https:\\\/\\\/foerderzauber.ch\\\/Onlineshop\\\/wp-content\\\/uploads\\\/2022\\\/10\\\/Stifthalterpink2.jpg\",\"datePublished\":\"2022-10-10T13:58:51+00:00\",\"dateModified\":\"2026-05-03T09:15:59+00:00\",\"description\":\"Entdecken Sie die motivierende Schreibhilfe f\u00fcr eine korrekte und unverkrampfte Stifthaltung. So macht Schreiben wieder Spass!\",\"breadcrumb\":{\"@id\":\"https:\\\/\\\/foerderzauber.ch\\\/Onlineshop\\\/produkt\\\/schreibhilfe\\\/#breadcrumb\"},\"inLanguage\":\"de\",\"potentialAction\":[{\"@type\":\"ReadAction\",\"target\":[\"https:\\\/\\\/foerderzauber.ch\\\/Onlineshop\\\/produkt\\\/schreibhilfe\\\/\"]}]},{\"@type\":\"ImageObject\",\"inLanguage\":\"de\",\"@id\":\"https:\\\/\\\/foerderzauber.ch\\\/Onlineshop\\\/produkt\\\/schreibhilfe\\\/#primaryimage\",\"url\":\"https:\\\/\\\/foerderzauber.ch\\\/Onlineshop\\\/wp-content\\\/uploads\\\/2022\\\/10\\\/Stifthalterpink2.jpg\",\"contentUrl\":\"https:\\\/\\\/foerderzauber.ch\\\/Onlineshop\\\/wp-content\\\/uploads\\\/2022\\\/10\\\/Stifthalterpink2.jpg\",\"width\":916,\"height\":920},{\"@type\":\"BreadcrumbList\",\"@id\":\"https:\\\/\\\/foerderzauber.ch\\\/Onlineshop\\\/produkt\\\/schreibhilfe\\\/#breadcrumb\",\"itemListElement\":[{\"@type\":\"ListItem\",\"position\":1,\"name\":\"Startseite\",\"item\":\"https:\\\/\\\/foerderzauber.ch\\\/Onlineshop\\\/\"},{\"@type\":\"ListItem\",\"position\":2,\"name\":\"Shop\",\"item\":\"https:\\\/\\\/foerderzauber.ch\\\/Onlineshop\\\/\"},{\"@type\":\"ListItem\",\"position\":3,\"name\":\"Schreibhilfe Eule 1\"}]},{\"@type\":\"WebSite\",\"@id\":\"https:\\\/\\\/foerderzauber.ch\\\/Onlineshop\\\/#website\",\"url\":\"https:\\\/\\\/foerderzauber.ch\\\/Onlineshop\\\/\",\"name\":\"Foerderzauber Onlineshop\",\"description\":\"\",\"potentialAction\":[{\"@type\":\"SearchAction\",\"target\":{\"@type\":\"EntryPoint\",\"urlTemplate\":\"https:\\\/\\\/foerderzauber.ch\\\/Onlineshop\\\/?s={search_term_string}\"},\"query-input\":{\"@type\":\"PropertyValueSpecification\",\"valueRequired\":true,\"valueName\":\"search_term_string\"}}],\"inLanguage\":\"de\"}]}<\/script>\n<!-- \/ Yoast SEO plugin. -->","yoast_head_json":{"title":"Schreibhilfe Eule 1 - Foerderzauber Onlineshop","description":"Entdecken Sie die motivierende Schreibhilfe f\u00fcr eine korrekte und unverkrampfte Stifthaltung. So macht Schreiben wieder Spass!","robots":{"index":"index","follow":"follow","max-snippet":"max-snippet:-1","max-image-preview":"max-image-preview:large","max-video-preview":"max-video-preview:-1"},"canonical":"https:\/\/foerderzauber.ch\/Onlineshop\/produkt\/schreibhilfe\/","og_locale":"de_DE","og_type":"article","og_title":"Schreibhilfe Eule 1 - Foerderzauber Onlineshop","og_description":"Entdecken Sie die motivierende Schreibhilfe f\u00fcr eine korrekte und unverkrampfte Stifthaltung. So macht Schreiben wieder Spass!","og_url":"https:\/\/foerderzauber.ch\/Onlineshop\/produkt\/schreibhilfe\/","og_site_name":"Foerderzauber Onlineshop","article_modified_time":"2026-05-03T09:15:59+00:00","og_image":[{"width":916,"height":920,"url":"https:\/\/foerderzauber.ch\/Onlineshop\/wp-content\/uploads\/2022\/10\/Stifthalterpink2.jpg","type":"image\/jpeg"}],"twitter_card":"summary_large_image","twitter_misc":{"Gesch\u00e4tzte Lesezeit":"1\u00a0Minute"},"schema":{"@context":"https:\/\/schema.org","@graph":[{"@type":"WebPage","@id":"https:\/\/foerderzauber.ch\/Onlineshop\/produkt\/schreibhilfe\/","url":"https:\/\/foerderzauber.ch\/Onlineshop\/produkt\/schreibhilfe\/","name":"Schreibhilfe Eule 1 - Foerderzauber Onlineshop","isPartOf":{"@id":"https:\/\/foerderzauber.ch\/Onlineshop\/#website"},"primaryImageOfPage":{"@id":"https:\/\/foerderzauber.ch\/Onlineshop\/produkt\/schreibhilfe\/#primaryimage"},"image":{"@id":"https:\/\/foerderzauber.ch\/Onlineshop\/produkt\/schreibhilfe\/#primaryimage"},"thumbnailUrl":"https:\/\/foerderzauber.ch\/Onlineshop\/wp-content\/uploads\/2022\/10\/Stifthalterpink2.jpg","datePublished":"2022-10-10T13:58:51+00:00","dateModified":"2026-05-03T09:15:59+00:00","description":"Entdecken Sie die motivierende Schreibhilfe f\u00fcr eine korrekte und unverkrampfte Stifthaltung. So macht Schreiben wieder Spass!","breadcrumb":{"@id":"https:\/\/foerderzauber.ch\/Onlineshop\/produkt\/schreibhilfe\/#breadcrumb"},"inLanguage":"de","potentialAction":[{"@type":"ReadAction","target":["https:\/\/foerderzauber.ch\/Onlineshop\/produkt\/schreibhilfe\/"]}]},{"@type":"ImageObject","inLanguage":"de","@id":"https:\/\/foerderzauber.ch\/Onlineshop\/produkt\/schreibhilfe\/#primaryimage","url":"https:\/\/foerderzauber.ch\/Onlineshop\/wp-content\/uploads\/2022\/10\/Stifthalterpink2.jpg","contentUrl":"https:\/\/foerderzauber.ch\/Onlineshop\/wp-content\/uploads\/2022\/10\/Stifthalterpink2.jpg","width":916,"height":920},{"@type":"BreadcrumbList","@id":"https:\/\/foerderzauber.ch\/Onlineshop\/produkt\/schreibhilfe\/#breadcrumb","itemListElement":[{"@type":"ListItem","position":1,"name":"Startseite","item":"https:\/\/foerderzauber.ch\/Onlineshop\/"},{"@type":"ListItem","position":2,"name":"Shop","item":"https:\/\/foerderzauber.ch\/Onlineshop\/"},{"@type":"ListItem","position":3,"name":"Schreibhilfe Eule 1"}]},{"@type":"WebSite","@id":"https:\/\/foerderzauber.ch\/Onlineshop\/#website","url":"https:\/\/foerderzauber.ch\/Onlineshop\/","name":"Foerderzauber Onlineshop","description":"","potentialAction":[{"@type":"SearchAction","target":{"@type":"EntryPoint","urlTemplate":"https:\/\/foerderzauber.ch\/Onlineshop\/?s={search_term_string}"},"query-input":{"@type":"PropertyValueSpecification","valueRequired":true,"valueName":"search_term_string"}}],"inLanguage":"de"}]}},"_links":{"self":[{"href":"https:\/\/foerderzauber.ch\/Onlineshop\/wp-json\/wp\/v2\/product\/268","targetHints":{"allow":["GET"]}}],"collection":[{"href":"https:\/\/foerderzauber.ch\/Onlineshop\/wp-json\/wp\/v2\/product"}],"about":[{"href":"https:\/\/foerderzauber.ch\/Onlineshop\/wp-json\/wp\/v2\/types\/product"}],"replies":[{"embeddable":true,"href":"https:\/\/foerderzauber.ch\/Onlineshop\/wp-json\/wp\/v2\/comments?post=268"}],"wp:featuredmedia":[{"embeddable":true,"href":"https:\/\/foerderzauber.ch\/Onlineshop\/wp-json\/wp\/v2\/media\/270"}],"wp:attachment":[{"href":"https:\/\/foerderzauber.ch\/Onlineshop\/wp-json\/wp\/v2\/media?parent=268"}],"wp:term":[{"taxonomy":"product_brand","embeddable":true,"href":"https:\/\/foerderzauber.ch\/Onlineshop\/wp-json\/wp\/v2\/product_brand?post=268"},{"taxonomy":"product_cat","embeddable":true,"href":"https:\/\/foerderzauber.ch\/Onlineshop\/wp-json\/wp\/v2\/product_cat?post=268"},{"taxonomy":"product_tag","embeddable":true,"href":"https:\/\/foerderzauber.ch\/Onlineshop\/wp-json\/wp\/v2\/product_tag?post=268"}],"curies":[{"name":"wp","href":"https:\/\/api.w.org\/{rel}","templated":true}]}}