{"id":294,"date":"2023-10-10T07:10:22","date_gmt":"2023-10-10T07:10:22","guid":{"rendered":"https:\/\/foerderzauber.ch\/Onlineshop\/?post_type=product&#038;p=294"},"modified":"2026-05-03T09:01:56","modified_gmt":"2026-05-03T09:01:56","slug":"buch-hibu-lernt-lesen-und-schreiben","status":"publish","type":"product","link":"https:\/\/foerderzauber.ch\/Onlineshop\/produkt\/buch-hibu-lernt-lesen-und-schreiben\/","title":{"rendered":"Buch: Hibu lernt lesen und schreiben"},"content":{"rendered":"<p>In einem dichten Wald am Rande einer kleinen, ruhigen Stadt lebten einst viele Eulen. Unter ihnen gab es eine ganz besondere Eule namens Hibu.<\/p>\n<p>Hibu war nicht wie die anderen Eulen grau, weiss oder braun. Nein, Hibu war dunkelblau, wie der Himmel \u00fcber der Stadt an einem warmen Sommerabend.<\/p>\n<p>&nbsp;<\/p>\n<p>Die Geschichte einer ganz besonderen, mutigen Eule, die sich auf die Suche nach einem Lehrer macht, der ihr das Lesen und Schreiben lehrt.<\/p>\n<p>&nbsp;<\/p>\n<p>F\u00fcr Kinder von 1-7 Jahren als Vorlesebuch.<\/p>\n<p>&nbsp;<\/p>\n<p>Erstleser k\u00f6nnen dank der vergr\u00f6sserten und farbigen W\u00f6rter auf jeder Seite auf motivierende und altersgerechte Art in das Vorlesen miteinbezogen werden.<\/p>\n<p>&nbsp;<\/p>\n<p>Geschrieben und illustriert von einer ausgebildeten schulischen Heilp\u00e4dagogin.<\/p>\n","protected":false},"excerpt":{"rendered":"<p>Die Geschichte einer ganz besonderen, mutigen Eule, die sich auf die Suche nach einem Lehrer macht, der ihr das Lesen und Schreiben lehrt.<\/p>\n<p>F\u00fcr Kinder von 1-7 Jahren als Vorlesebuch.<\/p>\n<p>&nbsp;<\/p>\n<p><a href=\"https:\/\/foerderzauber.ch\/Onlineshop\/produkt\/buch-hibu-lernt-lesen-und-schreiben\/\">Continue Reading<span class=\"meta-nav\">&rarr;<\/span><\/a><\/p>\n","protected":false},"featured_media":358,"comment_status":"open","ping_status":"closed","template":"","meta":[],"product_brand":[],"product_cat":[50,37],"product_tag":[51,46,47,52,48],"class_list":{"0":"post-294","1":"product","2":"type-product","3":"status-publish","4":"has-post-thumbnail","6":"product_cat-buch","7":"product_cat-lesen","8":"product_tag-buch","9":"product_tag-hibu","10":"product_tag-kinderbuch","11":"product_tag-lesebuch","12":"product_tag-vorlesebuch","13":"product_shipping_class-buch","15":"first","16":"instock","17":"shipping-taxable","18":"purchasable","19":"product-type-simple"},"yoast_head":"<!-- This site is optimized with the Yoast SEO plugin v27.5 - https:\/\/yoast.com\/product\/yoast-seo-wordpress\/ -->\n<title>Buch: Hibu lernt lesen und schreiben - Foerderzauber Onlineshop<\/title>\n<meta name=\"description\" content=\"Die Geschichte einer ganz besonderen, mutigen Eule, die sich auf die Suche nach einem Lehrer macht. F\u00fcr Kinder von 1-7 Jahren als Vorlesebuch.\" \/>\n<meta name=\"robots\" content=\"index, follow, max-snippet:-1, max-image-preview:large, max-video-preview:-1\" \/>\n<link rel=\"canonical\" href=\"https:\/\/foerderzauber.ch\/Onlineshop\/produkt\/buch-hibu-lernt-lesen-und-schreiben\/\" \/>\n<meta property=\"og:locale\" content=\"de_DE\" \/>\n<meta property=\"og:type\" content=\"article\" \/>\n<meta property=\"og:title\" content=\"Buch: Hibu lernt lesen und schreiben - Foerderzauber Onlineshop\" \/>\n<meta property=\"og:description\" content=\"Die Geschichte einer ganz besonderen, mutigen Eule, die sich auf die Suche nach einem Lehrer macht. F\u00fcr Kinder von 1-7 Jahren als Vorlesebuch.\" \/>\n<meta property=\"og:url\" content=\"https:\/\/foerderzauber.ch\/Onlineshop\/produkt\/buch-hibu-lernt-lesen-und-schreiben\/\" \/>\n<meta property=\"og:site_name\" content=\"Foerderzauber Onlineshop\" \/>\n<meta property=\"article:modified_time\" content=\"2026-05-03T09:01:56+00:00\" \/>\n<meta property=\"og:image\" content=\"https:\/\/foerderzauber.ch\/Onlineshop\/wp-content\/uploads\/2023\/10\/Hibu_Titelbild.jpg\" \/>\n\t<meta property=\"og:image:width\" content=\"1500\" \/>\n\t<meta property=\"og:image:height\" content=\"1072\" \/>\n\t<meta property=\"og:image:type\" content=\"image\/jpeg\" \/>\n<meta name=\"twitter:card\" content=\"summary_large_image\" \/>\n<meta name=\"twitter:label1\" content=\"Gesch\u00e4tzte Lesezeit\" \/>\n\t<meta name=\"twitter:data1\" content=\"1\u00a0Minute\" \/>\n<script type=\"application\/ld+json\" class=\"yoast-schema-graph\">{\"@context\":\"https:\\\/\\\/schema.org\",\"@graph\":[{\"@type\":\"WebPage\",\"@id\":\"https:\\\/\\\/foerderzauber.ch\\\/Onlineshop\\\/produkt\\\/buch-hibu-lernt-lesen-und-schreiben\\\/\",\"url\":\"https:\\\/\\\/foerderzauber.ch\\\/Onlineshop\\\/produkt\\\/buch-hibu-lernt-lesen-und-schreiben\\\/\",\"name\":\"Buch: Hibu lernt lesen und schreiben - Foerderzauber Onlineshop\",\"isPartOf\":{\"@id\":\"https:\\\/\\\/foerderzauber.ch\\\/Onlineshop\\\/#website\"},\"primaryImageOfPage\":{\"@id\":\"https:\\\/\\\/foerderzauber.ch\\\/Onlineshop\\\/produkt\\\/buch-hibu-lernt-lesen-und-schreiben\\\/#primaryimage\"},\"image\":{\"@id\":\"https:\\\/\\\/foerderzauber.ch\\\/Onlineshop\\\/produkt\\\/buch-hibu-lernt-lesen-und-schreiben\\\/#primaryimage\"},\"thumbnailUrl\":\"https:\\\/\\\/foerderzauber.ch\\\/Onlineshop\\\/wp-content\\\/uploads\\\/2023\\\/10\\\/Hibu_Titelbild.jpg\",\"datePublished\":\"2023-10-10T07:10:22+00:00\",\"dateModified\":\"2026-05-03T09:01:56+00:00\",\"description\":\"Die Geschichte einer ganz besonderen, mutigen Eule, die sich auf die Suche nach einem Lehrer macht. F\u00fcr Kinder von 1-7 Jahren als Vorlesebuch.\",\"breadcrumb\":{\"@id\":\"https:\\\/\\\/foerderzauber.ch\\\/Onlineshop\\\/produkt\\\/buch-hibu-lernt-lesen-und-schreiben\\\/#breadcrumb\"},\"inLanguage\":\"de\",\"potentialAction\":[{\"@type\":\"ReadAction\",\"target\":[\"https:\\\/\\\/foerderzauber.ch\\\/Onlineshop\\\/produkt\\\/buch-hibu-lernt-lesen-und-schreiben\\\/\"]}]},{\"@type\":\"ImageObject\",\"inLanguage\":\"de\",\"@id\":\"https:\\\/\\\/foerderzauber.ch\\\/Onlineshop\\\/produkt\\\/buch-hibu-lernt-lesen-und-schreiben\\\/#primaryimage\",\"url\":\"https:\\\/\\\/foerderzauber.ch\\\/Onlineshop\\\/wp-content\\\/uploads\\\/2023\\\/10\\\/Hibu_Titelbild.jpg\",\"contentUrl\":\"https:\\\/\\\/foerderzauber.ch\\\/Onlineshop\\\/wp-content\\\/uploads\\\/2023\\\/10\\\/Hibu_Titelbild.jpg\",\"width\":1500,\"height\":1072},{\"@type\":\"BreadcrumbList\",\"@id\":\"https:\\\/\\\/foerderzauber.ch\\\/Onlineshop\\\/produkt\\\/buch-hibu-lernt-lesen-und-schreiben\\\/#breadcrumb\",\"itemListElement\":[{\"@type\":\"ListItem\",\"position\":1,\"name\":\"Startseite\",\"item\":\"https:\\\/\\\/foerderzauber.ch\\\/Onlineshop\\\/\"},{\"@type\":\"ListItem\",\"position\":2,\"name\":\"Shop\",\"item\":\"https:\\\/\\\/foerderzauber.ch\\\/Onlineshop\\\/\"},{\"@type\":\"ListItem\",\"position\":3,\"name\":\"Buch: Hibu lernt lesen und schreiben\"}]},{\"@type\":\"WebSite\",\"@id\":\"https:\\\/\\\/foerderzauber.ch\\\/Onlineshop\\\/#website\",\"url\":\"https:\\\/\\\/foerderzauber.ch\\\/Onlineshop\\\/\",\"name\":\"Foerderzauber Onlineshop\",\"description\":\"\",\"potentialAction\":[{\"@type\":\"SearchAction\",\"target\":{\"@type\":\"EntryPoint\",\"urlTemplate\":\"https:\\\/\\\/foerderzauber.ch\\\/Onlineshop\\\/?s={search_term_string}\"},\"query-input\":{\"@type\":\"PropertyValueSpecification\",\"valueRequired\":true,\"valueName\":\"search_term_string\"}}],\"inLanguage\":\"de\"}]}<\/script>\n<!-- \/ Yoast SEO plugin. -->","yoast_head_json":{"title":"Buch: Hibu lernt lesen und schreiben - Foerderzauber Onlineshop","description":"Die Geschichte einer ganz besonderen, mutigen Eule, die sich auf die Suche nach einem Lehrer macht. F\u00fcr Kinder von 1-7 Jahren als Vorlesebuch.","robots":{"index":"index","follow":"follow","max-snippet":"max-snippet:-1","max-image-preview":"max-image-preview:large","max-video-preview":"max-video-preview:-1"},"canonical":"https:\/\/foerderzauber.ch\/Onlineshop\/produkt\/buch-hibu-lernt-lesen-und-schreiben\/","og_locale":"de_DE","og_type":"article","og_title":"Buch: Hibu lernt lesen und schreiben - Foerderzauber Onlineshop","og_description":"Die Geschichte einer ganz besonderen, mutigen Eule, die sich auf die Suche nach einem Lehrer macht. F\u00fcr Kinder von 1-7 Jahren als Vorlesebuch.","og_url":"https:\/\/foerderzauber.ch\/Onlineshop\/produkt\/buch-hibu-lernt-lesen-und-schreiben\/","og_site_name":"Foerderzauber Onlineshop","article_modified_time":"2026-05-03T09:01:56+00:00","og_image":[{"width":1500,"height":1072,"url":"https:\/\/foerderzauber.ch\/Onlineshop\/wp-content\/uploads\/2023\/10\/Hibu_Titelbild.jpg","type":"image\/jpeg"}],"twitter_card":"summary_large_image","twitter_misc":{"Gesch\u00e4tzte Lesezeit":"1\u00a0Minute"},"schema":{"@context":"https:\/\/schema.org","@graph":[{"@type":"WebPage","@id":"https:\/\/foerderzauber.ch\/Onlineshop\/produkt\/buch-hibu-lernt-lesen-und-schreiben\/","url":"https:\/\/foerderzauber.ch\/Onlineshop\/produkt\/buch-hibu-lernt-lesen-und-schreiben\/","name":"Buch: Hibu lernt lesen und schreiben - Foerderzauber Onlineshop","isPartOf":{"@id":"https:\/\/foerderzauber.ch\/Onlineshop\/#website"},"primaryImageOfPage":{"@id":"https:\/\/foerderzauber.ch\/Onlineshop\/produkt\/buch-hibu-lernt-lesen-und-schreiben\/#primaryimage"},"image":{"@id":"https:\/\/foerderzauber.ch\/Onlineshop\/produkt\/buch-hibu-lernt-lesen-und-schreiben\/#primaryimage"},"thumbnailUrl":"https:\/\/foerderzauber.ch\/Onlineshop\/wp-content\/uploads\/2023\/10\/Hibu_Titelbild.jpg","datePublished":"2023-10-10T07:10:22+00:00","dateModified":"2026-05-03T09:01:56+00:00","description":"Die Geschichte einer ganz besonderen, mutigen Eule, die sich auf die Suche nach einem Lehrer macht. F\u00fcr Kinder von 1-7 Jahren als Vorlesebuch.","breadcrumb":{"@id":"https:\/\/foerderzauber.ch\/Onlineshop\/produkt\/buch-hibu-lernt-lesen-und-schreiben\/#breadcrumb"},"inLanguage":"de","potentialAction":[{"@type":"ReadAction","target":["https:\/\/foerderzauber.ch\/Onlineshop\/produkt\/buch-hibu-lernt-lesen-und-schreiben\/"]}]},{"@type":"ImageObject","inLanguage":"de","@id":"https:\/\/foerderzauber.ch\/Onlineshop\/produkt\/buch-hibu-lernt-lesen-und-schreiben\/#primaryimage","url":"https:\/\/foerderzauber.ch\/Onlineshop\/wp-content\/uploads\/2023\/10\/Hibu_Titelbild.jpg","contentUrl":"https:\/\/foerderzauber.ch\/Onlineshop\/wp-content\/uploads\/2023\/10\/Hibu_Titelbild.jpg","width":1500,"height":1072},{"@type":"BreadcrumbList","@id":"https:\/\/foerderzauber.ch\/Onlineshop\/produkt\/buch-hibu-lernt-lesen-und-schreiben\/#breadcrumb","itemListElement":[{"@type":"ListItem","position":1,"name":"Startseite","item":"https:\/\/foerderzauber.ch\/Onlineshop\/"},{"@type":"ListItem","position":2,"name":"Shop","item":"https:\/\/foerderzauber.ch\/Onlineshop\/"},{"@type":"ListItem","position":3,"name":"Buch: Hibu lernt lesen und schreiben"}]},{"@type":"WebSite","@id":"https:\/\/foerderzauber.ch\/Onlineshop\/#website","url":"https:\/\/foerderzauber.ch\/Onlineshop\/","name":"Foerderzauber Onlineshop","description":"","potentialAction":[{"@type":"SearchAction","target":{"@type":"EntryPoint","urlTemplate":"https:\/\/foerderzauber.ch\/Onlineshop\/?s={search_term_string}"},"query-input":{"@type":"PropertyValueSpecification","valueRequired":true,"valueName":"search_term_string"}}],"inLanguage":"de"}]}},"_links":{"self":[{"href":"https:\/\/foerderzauber.ch\/Onlineshop\/wp-json\/wp\/v2\/product\/294","targetHints":{"allow":["GET"]}}],"collection":[{"href":"https:\/\/foerderzauber.ch\/Onlineshop\/wp-json\/wp\/v2\/product"}],"about":[{"href":"https:\/\/foerderzauber.ch\/Onlineshop\/wp-json\/wp\/v2\/types\/product"}],"replies":[{"embeddable":true,"href":"https:\/\/foerderzauber.ch\/Onlineshop\/wp-json\/wp\/v2\/comments?post=294"}],"wp:featuredmedia":[{"embeddable":true,"href":"https:\/\/foerderzauber.ch\/Onlineshop\/wp-json\/wp\/v2\/media\/358"}],"wp:attachment":[{"href":"https:\/\/foerderzauber.ch\/Onlineshop\/wp-json\/wp\/v2\/media?parent=294"}],"wp:term":[{"taxonomy":"product_brand","embeddable":true,"href":"https:\/\/foerderzauber.ch\/Onlineshop\/wp-json\/wp\/v2\/product_brand?post=294"},{"taxonomy":"product_cat","embeddable":true,"href":"https:\/\/foerderzauber.ch\/Onlineshop\/wp-json\/wp\/v2\/product_cat?post=294"},{"taxonomy":"product_tag","embeddable":true,"href":"https:\/\/foerderzauber.ch\/Onlineshop\/wp-json\/wp\/v2\/product_tag?post=294"}],"curies":[{"name":"wp","href":"https:\/\/api.w.org\/{rel}","templated":true}]}}