{"id":368,"date":"2026-02-21T09:05:20","date_gmt":"2026-02-21T09:05:20","guid":{"rendered":"https:\/\/foerderzauber.ch\/Onlineshop\/?post_type=product&#038;p=368"},"modified":"2026-05-03T09:12:03","modified_gmt":"2026-05-03T09:12:03","slug":"reime-spiele","status":"publish","type":"product","link":"https:\/\/foerderzauber.ch\/Onlineshop\/produkt\/reime-spiele\/","title":{"rendered":"Reime erkennen: Memo und Ereignisspiel"},"content":{"rendered":"<p>Das Erkennen und Bilden von Reimen geh\u00f6rt u.a. zur phonologischen Bewusstheit, die eine Grundvoraussetzung f\u00fcr den Schriftspracherwerb ist und deshalb von Anfang an gen\u00fcgend gef\u00f6rdert werden muss, damit das Risiko einer sp\u00e4teren Lese-\/Rechtschreibst\u00f6rung minimiert werden kann.<\/p>\n<p>Das Material enth\u00e4lt Memo-Spiele auf drei Niveaus. Die einfachste Variante kann ohne Lesekompetenz bereits im Kindergarten gespielt werden. Das Ereignisspiel sorgt f\u00fcr eine Extraportion Motivation und kann als weiterf\u00fchrende \u00dcbungsm\u00f6glichkeit vielseitig eingesetzt werden.<\/p>\n","protected":false},"excerpt":{"rendered":"<p>Motivierendes Material mit dem F\u00f6rderschwerpunkt phonologische Bewusstheit.<\/p>\n<p><a href=\"https:\/\/foerderzauber.ch\/Onlineshop\/produkt\/reime-spiele\/\">Continue Reading<span class=\"meta-nav\">&rarr;<\/span><\/a><\/p>\n","protected":false},"featured_media":369,"comment_status":"open","ping_status":"closed","template":"","meta":[],"product_brand":[],"product_cat":[42,37],"product_tag":[],"class_list":{"0":"post-368","1":"product","2":"type-product","3":"status-publish","4":"has-post-thumbnail","6":"product_cat-lrs","7":"product_cat-lesen","9":"first","10":"instock","11":"downloadable","12":"shipping-taxable","13":"purchasable","14":"product-type-simple"},"yoast_head":"<!-- This site is optimized with the Yoast SEO plugin v27.5 - https:\/\/yoast.com\/product\/yoast-seo-wordpress\/ -->\n<title>F\u00f6rdermaterial phonologische Bewusstheit<\/title>\n<meta name=\"description\" content=\"Im Onlineshop von www.foerderzauber.ch finden Sie zahlreiche ansprechende und motivierende Materialien f\u00fcr eine bessere Lesefl\u00fcssigkeit bei LRS.\" \/>\n<meta name=\"robots\" content=\"index, follow, max-snippet:-1, max-image-preview:large, max-video-preview:-1\" \/>\n<link rel=\"canonical\" href=\"https:\/\/foerderzauber.ch\/Onlineshop\/produkt\/reime-spiele\/\" \/>\n<meta property=\"og:locale\" content=\"de_DE\" \/>\n<meta property=\"og:type\" content=\"article\" \/>\n<meta property=\"og:title\" content=\"F\u00f6rdermaterial phonologische Bewusstheit\" \/>\n<meta property=\"og:description\" content=\"Im Onlineshop von www.foerderzauber.ch finden Sie zahlreiche ansprechende und motivierende Materialien f\u00fcr eine bessere Lesefl\u00fcssigkeit bei LRS.\" \/>\n<meta property=\"og:url\" content=\"https:\/\/foerderzauber.ch\/Onlineshop\/produkt\/reime-spiele\/\" \/>\n<meta property=\"og:site_name\" content=\"Foerderzauber Onlineshop\" \/>\n<meta property=\"article:modified_time\" content=\"2026-05-03T09:12:03+00:00\" \/>\n<meta property=\"og:image\" content=\"https:\/\/foerderzauber.ch\/Onlineshop\/wp-content\/uploads\/2026\/02\/Titelbild_Memo_Reime-1.jpg\" \/>\n\t<meta property=\"og:image:width\" content=\"1190\" \/>\n\t<meta property=\"og:image:height\" content=\"1683\" \/>\n\t<meta property=\"og:image:type\" content=\"image\/jpeg\" \/>\n<meta name=\"twitter:card\" content=\"summary_large_image\" \/>\n<meta name=\"twitter:label1\" content=\"Gesch\u00e4tzte Lesezeit\" \/>\n\t<meta name=\"twitter:data1\" content=\"1\u00a0Minute\" \/>\n<script type=\"application\/ld+json\" class=\"yoast-schema-graph\">{\"@context\":\"https:\\\/\\\/schema.org\",\"@graph\":[{\"@type\":\"WebPage\",\"@id\":\"https:\\\/\\\/foerderzauber.ch\\\/Onlineshop\\\/produkt\\\/reime-spiele\\\/\",\"url\":\"https:\\\/\\\/foerderzauber.ch\\\/Onlineshop\\\/produkt\\\/reime-spiele\\\/\",\"name\":\"F\u00f6rdermaterial phonologische Bewusstheit\",\"isPartOf\":{\"@id\":\"https:\\\/\\\/foerderzauber.ch\\\/Onlineshop\\\/#website\"},\"primaryImageOfPage\":{\"@id\":\"https:\\\/\\\/foerderzauber.ch\\\/Onlineshop\\\/produkt\\\/reime-spiele\\\/#primaryimage\"},\"image\":{\"@id\":\"https:\\\/\\\/foerderzauber.ch\\\/Onlineshop\\\/produkt\\\/reime-spiele\\\/#primaryimage\"},\"thumbnailUrl\":\"https:\\\/\\\/foerderzauber.ch\\\/Onlineshop\\\/wp-content\\\/uploads\\\/2026\\\/02\\\/Titelbild_Memo_Reime-1.jpg\",\"datePublished\":\"2026-02-21T09:05:20+00:00\",\"dateModified\":\"2026-05-03T09:12:03+00:00\",\"description\":\"Im Onlineshop von www.foerderzauber.ch finden Sie zahlreiche ansprechende und motivierende Materialien f\u00fcr eine bessere Lesefl\u00fcssigkeit bei LRS.\",\"breadcrumb\":{\"@id\":\"https:\\\/\\\/foerderzauber.ch\\\/Onlineshop\\\/produkt\\\/reime-spiele\\\/#breadcrumb\"},\"inLanguage\":\"de\",\"potentialAction\":[{\"@type\":\"ReadAction\",\"target\":[\"https:\\\/\\\/foerderzauber.ch\\\/Onlineshop\\\/produkt\\\/reime-spiele\\\/\"]}]},{\"@type\":\"ImageObject\",\"inLanguage\":\"de\",\"@id\":\"https:\\\/\\\/foerderzauber.ch\\\/Onlineshop\\\/produkt\\\/reime-spiele\\\/#primaryimage\",\"url\":\"https:\\\/\\\/foerderzauber.ch\\\/Onlineshop\\\/wp-content\\\/uploads\\\/2026\\\/02\\\/Titelbild_Memo_Reime-1.jpg\",\"contentUrl\":\"https:\\\/\\\/foerderzauber.ch\\\/Onlineshop\\\/wp-content\\\/uploads\\\/2026\\\/02\\\/Titelbild_Memo_Reime-1.jpg\",\"width\":1190,\"height\":1683},{\"@type\":\"BreadcrumbList\",\"@id\":\"https:\\\/\\\/foerderzauber.ch\\\/Onlineshop\\\/produkt\\\/reime-spiele\\\/#breadcrumb\",\"itemListElement\":[{\"@type\":\"ListItem\",\"position\":1,\"name\":\"Startseite\",\"item\":\"https:\\\/\\\/foerderzauber.ch\\\/Onlineshop\\\/\"},{\"@type\":\"ListItem\",\"position\":2,\"name\":\"Shop\",\"item\":\"https:\\\/\\\/foerderzauber.ch\\\/Onlineshop\\\/\"},{\"@type\":\"ListItem\",\"position\":3,\"name\":\"Reime erkennen: Memo und Ereignisspiel\"}]},{\"@type\":\"WebSite\",\"@id\":\"https:\\\/\\\/foerderzauber.ch\\\/Onlineshop\\\/#website\",\"url\":\"https:\\\/\\\/foerderzauber.ch\\\/Onlineshop\\\/\",\"name\":\"Foerderzauber Onlineshop\",\"description\":\"\",\"potentialAction\":[{\"@type\":\"SearchAction\",\"target\":{\"@type\":\"EntryPoint\",\"urlTemplate\":\"https:\\\/\\\/foerderzauber.ch\\\/Onlineshop\\\/?s={search_term_string}\"},\"query-input\":{\"@type\":\"PropertyValueSpecification\",\"valueRequired\":true,\"valueName\":\"search_term_string\"}}],\"inLanguage\":\"de\"}]}<\/script>\n<!-- \/ Yoast SEO plugin. -->","yoast_head_json":{"title":"F\u00f6rdermaterial phonologische Bewusstheit","description":"Im Onlineshop von www.foerderzauber.ch finden Sie zahlreiche ansprechende und motivierende Materialien f\u00fcr eine bessere Lesefl\u00fcssigkeit bei LRS.","robots":{"index":"index","follow":"follow","max-snippet":"max-snippet:-1","max-image-preview":"max-image-preview:large","max-video-preview":"max-video-preview:-1"},"canonical":"https:\/\/foerderzauber.ch\/Onlineshop\/produkt\/reime-spiele\/","og_locale":"de_DE","og_type":"article","og_title":"F\u00f6rdermaterial phonologische Bewusstheit","og_description":"Im Onlineshop von www.foerderzauber.ch finden Sie zahlreiche ansprechende und motivierende Materialien f\u00fcr eine bessere Lesefl\u00fcssigkeit bei LRS.","og_url":"https:\/\/foerderzauber.ch\/Onlineshop\/produkt\/reime-spiele\/","og_site_name":"Foerderzauber Onlineshop","article_modified_time":"2026-05-03T09:12:03+00:00","og_image":[{"width":1190,"height":1683,"url":"https:\/\/foerderzauber.ch\/Onlineshop\/wp-content\/uploads\/2026\/02\/Titelbild_Memo_Reime-1.jpg","type":"image\/jpeg"}],"twitter_card":"summary_large_image","twitter_misc":{"Gesch\u00e4tzte Lesezeit":"1\u00a0Minute"},"schema":{"@context":"https:\/\/schema.org","@graph":[{"@type":"WebPage","@id":"https:\/\/foerderzauber.ch\/Onlineshop\/produkt\/reime-spiele\/","url":"https:\/\/foerderzauber.ch\/Onlineshop\/produkt\/reime-spiele\/","name":"F\u00f6rdermaterial phonologische Bewusstheit","isPartOf":{"@id":"https:\/\/foerderzauber.ch\/Onlineshop\/#website"},"primaryImageOfPage":{"@id":"https:\/\/foerderzauber.ch\/Onlineshop\/produkt\/reime-spiele\/#primaryimage"},"image":{"@id":"https:\/\/foerderzauber.ch\/Onlineshop\/produkt\/reime-spiele\/#primaryimage"},"thumbnailUrl":"https:\/\/foerderzauber.ch\/Onlineshop\/wp-content\/uploads\/2026\/02\/Titelbild_Memo_Reime-1.jpg","datePublished":"2026-02-21T09:05:20+00:00","dateModified":"2026-05-03T09:12:03+00:00","description":"Im Onlineshop von www.foerderzauber.ch finden Sie zahlreiche ansprechende und motivierende Materialien f\u00fcr eine bessere Lesefl\u00fcssigkeit bei LRS.","breadcrumb":{"@id":"https:\/\/foerderzauber.ch\/Onlineshop\/produkt\/reime-spiele\/#breadcrumb"},"inLanguage":"de","potentialAction":[{"@type":"ReadAction","target":["https:\/\/foerderzauber.ch\/Onlineshop\/produkt\/reime-spiele\/"]}]},{"@type":"ImageObject","inLanguage":"de","@id":"https:\/\/foerderzauber.ch\/Onlineshop\/produkt\/reime-spiele\/#primaryimage","url":"https:\/\/foerderzauber.ch\/Onlineshop\/wp-content\/uploads\/2026\/02\/Titelbild_Memo_Reime-1.jpg","contentUrl":"https:\/\/foerderzauber.ch\/Onlineshop\/wp-content\/uploads\/2026\/02\/Titelbild_Memo_Reime-1.jpg","width":1190,"height":1683},{"@type":"BreadcrumbList","@id":"https:\/\/foerderzauber.ch\/Onlineshop\/produkt\/reime-spiele\/#breadcrumb","itemListElement":[{"@type":"ListItem","position":1,"name":"Startseite","item":"https:\/\/foerderzauber.ch\/Onlineshop\/"},{"@type":"ListItem","position":2,"name":"Shop","item":"https:\/\/foerderzauber.ch\/Onlineshop\/"},{"@type":"ListItem","position":3,"name":"Reime erkennen: Memo und Ereignisspiel"}]},{"@type":"WebSite","@id":"https:\/\/foerderzauber.ch\/Onlineshop\/#website","url":"https:\/\/foerderzauber.ch\/Onlineshop\/","name":"Foerderzauber Onlineshop","description":"","potentialAction":[{"@type":"SearchAction","target":{"@type":"EntryPoint","urlTemplate":"https:\/\/foerderzauber.ch\/Onlineshop\/?s={search_term_string}"},"query-input":{"@type":"PropertyValueSpecification","valueRequired":true,"valueName":"search_term_string"}}],"inLanguage":"de"}]}},"_links":{"self":[{"href":"https:\/\/foerderzauber.ch\/Onlineshop\/wp-json\/wp\/v2\/product\/368","targetHints":{"allow":["GET"]}}],"collection":[{"href":"https:\/\/foerderzauber.ch\/Onlineshop\/wp-json\/wp\/v2\/product"}],"about":[{"href":"https:\/\/foerderzauber.ch\/Onlineshop\/wp-json\/wp\/v2\/types\/product"}],"replies":[{"embeddable":true,"href":"https:\/\/foerderzauber.ch\/Onlineshop\/wp-json\/wp\/v2\/comments?post=368"}],"wp:featuredmedia":[{"embeddable":true,"href":"https:\/\/foerderzauber.ch\/Onlineshop\/wp-json\/wp\/v2\/media\/369"}],"wp:attachment":[{"href":"https:\/\/foerderzauber.ch\/Onlineshop\/wp-json\/wp\/v2\/media?parent=368"}],"wp:term":[{"taxonomy":"product_brand","embeddable":true,"href":"https:\/\/foerderzauber.ch\/Onlineshop\/wp-json\/wp\/v2\/product_brand?post=368"},{"taxonomy":"product_cat","embeddable":true,"href":"https:\/\/foerderzauber.ch\/Onlineshop\/wp-json\/wp\/v2\/product_cat?post=368"},{"taxonomy":"product_tag","embeddable":true,"href":"https:\/\/foerderzauber.ch\/Onlineshop\/wp-json\/wp\/v2\/product_tag?post=368"}],"curies":[{"name":"wp","href":"https:\/\/api.w.org\/{rel}","templated":true}]}}