{"id":383,"date":"2026-02-21T09:17:18","date_gmt":"2026-02-21T09:17:18","guid":{"rendered":"https:\/\/foerderzauber.ch\/Onlineshop\/?post_type=product&#038;p=383"},"modified":"2026-05-03T09:11:10","modified_gmt":"2026-05-03T09:11:10","slug":"rechtschreibung-100-woerter","status":"publish","type":"product","link":"https:\/\/foerderzauber.ch\/Onlineshop\/produkt\/rechtschreibung-100-woerter\/","title":{"rendered":"Rechtschreibung: Die 100 h\u00e4ufigsten W\u00f6rter"},"content":{"rendered":"<p>Das Material enth\u00e4lt ein Rechtschreibtraining mit den 100 h\u00e4ufigsten Fehlerw\u00f6rtern<a href=\"https:\/\/eduki.com\/de\/material\/1424884\/rechtschreib-training-mit-selbstkontrolle#_ftn1\">[1]<\/a>. Kinder, welche diese W\u00f6rter richtig schreiben k\u00f6nnen, werden in schriftlichen Arbeiten wesentlich weniger Fehler machen. Die W\u00f6rter sollten am besten in Portionen gelernt werden (nicht mehr als 10 pro Tag). Die Kinder k\u00f6nnen dabei selbst\u00e4ndig \u00fcben, indem sie zun\u00e4chst die W\u00f6rter auf der Vorderseite mehrmals halblaut lesen und danach auf der R\u00fcckseite versuchen zu schreiben. Eine andere Variante ist es, den Kindern die W\u00f6rter zu diktieren (am besten jeweils in einen Satz verpackt). Wenn ein Wort an verschiedenen Tagen insgesamt 4-mal richtig geschrieben wird, gilt es als gelernt.<\/p>\n","protected":false},"excerpt":{"rendered":"<p>Ansprechendes Material mit Selbstkontrolle f\u00fcr den F\u00f6rderschwerpunkt Rechtschreibung.<\/p>\n<p><a href=\"https:\/\/foerderzauber.ch\/Onlineshop\/produkt\/rechtschreibung-100-woerter\/\">Continue Reading<span class=\"meta-nav\">&rarr;<\/span><\/a><\/p>\n","protected":false},"featured_media":385,"comment_status":"open","ping_status":"closed","template":"","meta":[],"product_brand":[],"product_cat":[42,39],"product_tag":[],"class_list":{"0":"post-383","1":"product","2":"type-product","3":"status-publish","4":"has-post-thumbnail","6":"product_cat-lrs","7":"product_cat-rechtschreibung","9":"first","10":"instock","11":"downloadable","12":"shipping-taxable","13":"purchasable","14":"product-type-simple"},"yoast_head":"<!-- This site is optimized with the Yoast SEO plugin v27.5 - https:\/\/yoast.com\/product\/yoast-seo-wordpress\/ -->\n<title>Rechtschreibtraining bei LRS<\/title>\n<meta name=\"description\" content=\"Im Onlineshop von www.foerderzauber.ch finden Sie zahlreiche ansprechende und motivierende Materialien f\u00fcr eine bessere Lesefl\u00fcssigkeit bei LRS.\" \/>\n<meta name=\"robots\" content=\"index, follow, max-snippet:-1, max-image-preview:large, max-video-preview:-1\" \/>\n<link rel=\"canonical\" href=\"https:\/\/foerderzauber.ch\/Onlineshop\/produkt\/rechtschreibung-100-woerter\/\" \/>\n<meta property=\"og:locale\" content=\"de_DE\" \/>\n<meta property=\"og:type\" content=\"article\" \/>\n<meta property=\"og:title\" content=\"Rechtschreibtraining bei LRS\" \/>\n<meta property=\"og:description\" content=\"Im Onlineshop von www.foerderzauber.ch finden Sie zahlreiche ansprechende und motivierende Materialien f\u00fcr eine bessere Lesefl\u00fcssigkeit bei LRS.\" \/>\n<meta property=\"og:url\" content=\"https:\/\/foerderzauber.ch\/Onlineshop\/produkt\/rechtschreibung-100-woerter\/\" \/>\n<meta property=\"og:site_name\" content=\"Foerderzauber Onlineshop\" \/>\n<meta property=\"article:modified_time\" content=\"2026-05-03T09:11:10+00:00\" \/>\n<meta property=\"og:image\" content=\"https:\/\/foerderzauber.ch\/Onlineshop\/wp-content\/uploads\/2026\/02\/Titelbild_Rechtschreibung-1-1.jpg\" \/>\n\t<meta property=\"og:image:width\" content=\"1190\" \/>\n\t<meta property=\"og:image:height\" content=\"1683\" \/>\n\t<meta property=\"og:image:type\" content=\"image\/jpeg\" \/>\n<meta name=\"twitter:card\" content=\"summary_large_image\" \/>\n<meta name=\"twitter:label1\" content=\"Gesch\u00e4tzte Lesezeit\" \/>\n\t<meta name=\"twitter:data1\" content=\"1\u00a0Minute\" \/>\n<script type=\"application\/ld+json\" class=\"yoast-schema-graph\">{\"@context\":\"https:\\\/\\\/schema.org\",\"@graph\":[{\"@type\":\"WebPage\",\"@id\":\"https:\\\/\\\/foerderzauber.ch\\\/Onlineshop\\\/produkt\\\/rechtschreibung-100-woerter\\\/\",\"url\":\"https:\\\/\\\/foerderzauber.ch\\\/Onlineshop\\\/produkt\\\/rechtschreibung-100-woerter\\\/\",\"name\":\"Rechtschreibtraining bei LRS\",\"isPartOf\":{\"@id\":\"https:\\\/\\\/foerderzauber.ch\\\/Onlineshop\\\/#website\"},\"primaryImageOfPage\":{\"@id\":\"https:\\\/\\\/foerderzauber.ch\\\/Onlineshop\\\/produkt\\\/rechtschreibung-100-woerter\\\/#primaryimage\"},\"image\":{\"@id\":\"https:\\\/\\\/foerderzauber.ch\\\/Onlineshop\\\/produkt\\\/rechtschreibung-100-woerter\\\/#primaryimage\"},\"thumbnailUrl\":\"https:\\\/\\\/foerderzauber.ch\\\/Onlineshop\\\/wp-content\\\/uploads\\\/2026\\\/02\\\/Titelbild_Rechtschreibung-1-1.jpg\",\"datePublished\":\"2026-02-21T09:17:18+00:00\",\"dateModified\":\"2026-05-03T09:11:10+00:00\",\"description\":\"Im Onlineshop von www.foerderzauber.ch finden Sie zahlreiche ansprechende und motivierende Materialien f\u00fcr eine bessere Lesefl\u00fcssigkeit bei LRS.\",\"breadcrumb\":{\"@id\":\"https:\\\/\\\/foerderzauber.ch\\\/Onlineshop\\\/produkt\\\/rechtschreibung-100-woerter\\\/#breadcrumb\"},\"inLanguage\":\"de\",\"potentialAction\":[{\"@type\":\"ReadAction\",\"target\":[\"https:\\\/\\\/foerderzauber.ch\\\/Onlineshop\\\/produkt\\\/rechtschreibung-100-woerter\\\/\"]}]},{\"@type\":\"ImageObject\",\"inLanguage\":\"de\",\"@id\":\"https:\\\/\\\/foerderzauber.ch\\\/Onlineshop\\\/produkt\\\/rechtschreibung-100-woerter\\\/#primaryimage\",\"url\":\"https:\\\/\\\/foerderzauber.ch\\\/Onlineshop\\\/wp-content\\\/uploads\\\/2026\\\/02\\\/Titelbild_Rechtschreibung-1-1.jpg\",\"contentUrl\":\"https:\\\/\\\/foerderzauber.ch\\\/Onlineshop\\\/wp-content\\\/uploads\\\/2026\\\/02\\\/Titelbild_Rechtschreibung-1-1.jpg\",\"width\":1190,\"height\":1683},{\"@type\":\"BreadcrumbList\",\"@id\":\"https:\\\/\\\/foerderzauber.ch\\\/Onlineshop\\\/produkt\\\/rechtschreibung-100-woerter\\\/#breadcrumb\",\"itemListElement\":[{\"@type\":\"ListItem\",\"position\":1,\"name\":\"Startseite\",\"item\":\"https:\\\/\\\/foerderzauber.ch\\\/Onlineshop\\\/\"},{\"@type\":\"ListItem\",\"position\":2,\"name\":\"Shop\",\"item\":\"https:\\\/\\\/foerderzauber.ch\\\/Onlineshop\\\/\"},{\"@type\":\"ListItem\",\"position\":3,\"name\":\"Rechtschreibung: Die 100 h\u00e4ufigsten W\u00f6rter\"}]},{\"@type\":\"WebSite\",\"@id\":\"https:\\\/\\\/foerderzauber.ch\\\/Onlineshop\\\/#website\",\"url\":\"https:\\\/\\\/foerderzauber.ch\\\/Onlineshop\\\/\",\"name\":\"Foerderzauber Onlineshop\",\"description\":\"\",\"potentialAction\":[{\"@type\":\"SearchAction\",\"target\":{\"@type\":\"EntryPoint\",\"urlTemplate\":\"https:\\\/\\\/foerderzauber.ch\\\/Onlineshop\\\/?s={search_term_string}\"},\"query-input\":{\"@type\":\"PropertyValueSpecification\",\"valueRequired\":true,\"valueName\":\"search_term_string\"}}],\"inLanguage\":\"de\"}]}<\/script>\n<!-- \/ Yoast SEO plugin. -->","yoast_head_json":{"title":"Rechtschreibtraining bei LRS","description":"Im Onlineshop von www.foerderzauber.ch finden Sie zahlreiche ansprechende und motivierende Materialien f\u00fcr eine bessere Lesefl\u00fcssigkeit bei LRS.","robots":{"index":"index","follow":"follow","max-snippet":"max-snippet:-1","max-image-preview":"max-image-preview:large","max-video-preview":"max-video-preview:-1"},"canonical":"https:\/\/foerderzauber.ch\/Onlineshop\/produkt\/rechtschreibung-100-woerter\/","og_locale":"de_DE","og_type":"article","og_title":"Rechtschreibtraining bei LRS","og_description":"Im Onlineshop von www.foerderzauber.ch finden Sie zahlreiche ansprechende und motivierende Materialien f\u00fcr eine bessere Lesefl\u00fcssigkeit bei LRS.","og_url":"https:\/\/foerderzauber.ch\/Onlineshop\/produkt\/rechtschreibung-100-woerter\/","og_site_name":"Foerderzauber Onlineshop","article_modified_time":"2026-05-03T09:11:10+00:00","og_image":[{"width":1190,"height":1683,"url":"https:\/\/foerderzauber.ch\/Onlineshop\/wp-content\/uploads\/2026\/02\/Titelbild_Rechtschreibung-1-1.jpg","type":"image\/jpeg"}],"twitter_card":"summary_large_image","twitter_misc":{"Gesch\u00e4tzte Lesezeit":"1\u00a0Minute"},"schema":{"@context":"https:\/\/schema.org","@graph":[{"@type":"WebPage","@id":"https:\/\/foerderzauber.ch\/Onlineshop\/produkt\/rechtschreibung-100-woerter\/","url":"https:\/\/foerderzauber.ch\/Onlineshop\/produkt\/rechtschreibung-100-woerter\/","name":"Rechtschreibtraining bei LRS","isPartOf":{"@id":"https:\/\/foerderzauber.ch\/Onlineshop\/#website"},"primaryImageOfPage":{"@id":"https:\/\/foerderzauber.ch\/Onlineshop\/produkt\/rechtschreibung-100-woerter\/#primaryimage"},"image":{"@id":"https:\/\/foerderzauber.ch\/Onlineshop\/produkt\/rechtschreibung-100-woerter\/#primaryimage"},"thumbnailUrl":"https:\/\/foerderzauber.ch\/Onlineshop\/wp-content\/uploads\/2026\/02\/Titelbild_Rechtschreibung-1-1.jpg","datePublished":"2026-02-21T09:17:18+00:00","dateModified":"2026-05-03T09:11:10+00:00","description":"Im Onlineshop von www.foerderzauber.ch finden Sie zahlreiche ansprechende und motivierende Materialien f\u00fcr eine bessere Lesefl\u00fcssigkeit bei LRS.","breadcrumb":{"@id":"https:\/\/foerderzauber.ch\/Onlineshop\/produkt\/rechtschreibung-100-woerter\/#breadcrumb"},"inLanguage":"de","potentialAction":[{"@type":"ReadAction","target":["https:\/\/foerderzauber.ch\/Onlineshop\/produkt\/rechtschreibung-100-woerter\/"]}]},{"@type":"ImageObject","inLanguage":"de","@id":"https:\/\/foerderzauber.ch\/Onlineshop\/produkt\/rechtschreibung-100-woerter\/#primaryimage","url":"https:\/\/foerderzauber.ch\/Onlineshop\/wp-content\/uploads\/2026\/02\/Titelbild_Rechtschreibung-1-1.jpg","contentUrl":"https:\/\/foerderzauber.ch\/Onlineshop\/wp-content\/uploads\/2026\/02\/Titelbild_Rechtschreibung-1-1.jpg","width":1190,"height":1683},{"@type":"BreadcrumbList","@id":"https:\/\/foerderzauber.ch\/Onlineshop\/produkt\/rechtschreibung-100-woerter\/#breadcrumb","itemListElement":[{"@type":"ListItem","position":1,"name":"Startseite","item":"https:\/\/foerderzauber.ch\/Onlineshop\/"},{"@type":"ListItem","position":2,"name":"Shop","item":"https:\/\/foerderzauber.ch\/Onlineshop\/"},{"@type":"ListItem","position":3,"name":"Rechtschreibung: Die 100 h\u00e4ufigsten W\u00f6rter"}]},{"@type":"WebSite","@id":"https:\/\/foerderzauber.ch\/Onlineshop\/#website","url":"https:\/\/foerderzauber.ch\/Onlineshop\/","name":"Foerderzauber Onlineshop","description":"","potentialAction":[{"@type":"SearchAction","target":{"@type":"EntryPoint","urlTemplate":"https:\/\/foerderzauber.ch\/Onlineshop\/?s={search_term_string}"},"query-input":{"@type":"PropertyValueSpecification","valueRequired":true,"valueName":"search_term_string"}}],"inLanguage":"de"}]}},"_links":{"self":[{"href":"https:\/\/foerderzauber.ch\/Onlineshop\/wp-json\/wp\/v2\/product\/383","targetHints":{"allow":["GET"]}}],"collection":[{"href":"https:\/\/foerderzauber.ch\/Onlineshop\/wp-json\/wp\/v2\/product"}],"about":[{"href":"https:\/\/foerderzauber.ch\/Onlineshop\/wp-json\/wp\/v2\/types\/product"}],"replies":[{"embeddable":true,"href":"https:\/\/foerderzauber.ch\/Onlineshop\/wp-json\/wp\/v2\/comments?post=383"}],"wp:featuredmedia":[{"embeddable":true,"href":"https:\/\/foerderzauber.ch\/Onlineshop\/wp-json\/wp\/v2\/media\/385"}],"wp:attachment":[{"href":"https:\/\/foerderzauber.ch\/Onlineshop\/wp-json\/wp\/v2\/media?parent=383"}],"wp:term":[{"taxonomy":"product_brand","embeddable":true,"href":"https:\/\/foerderzauber.ch\/Onlineshop\/wp-json\/wp\/v2\/product_brand?post=383"},{"taxonomy":"product_cat","embeddable":true,"href":"https:\/\/foerderzauber.ch\/Onlineshop\/wp-json\/wp\/v2\/product_cat?post=383"},{"taxonomy":"product_tag","embeddable":true,"href":"https:\/\/foerderzauber.ch\/Onlineshop\/wp-json\/wp\/v2\/product_tag?post=383"}],"curies":[{"name":"wp","href":"https:\/\/api.w.org\/{rel}","templated":true}]}}